{"id":4227,"date":"2021-12-16T02:55:06","date_gmt":"2021-12-16T02:55:06","guid":{"rendered":"http:\/\/source.wpopal.com\/ridez\/?page_id=3"},"modified":"2024-11-01T10:02:08","modified_gmt":"2024-11-01T10:02:08","slug":"mentions-legales","status":"publish","type":"page","link":"https:\/\/ride2atlas.com\/en\/mentions-legales\/","title":{"rendered":"Terms of Use"},"content":{"rendered":"<h4 class=\"wp-block-heading\"><strong>\u00c9diteur du site :<\/strong><\/h4>\r\n<p>Raison Sociale : RIDE 2 ATLAS<\/p>\r\n<p>Statut juridique : SARL AU<\/p>\r\n<p>Adresse : A98 Lot 8 Zone Industrielle Tamansourt 4000, Marrakech<\/p>\r\n<p>Num\u00e9ro de t\u00e9l\u00e9phone: +212 663 163 754<\/p>\r\n<p>Email: contact@ride2atlas<\/p>\r\n<p>ICE : 003194271000002<\/p>\r\n<p>RCS : 132857<\/p>\r\n<p>Capital social : 100.000 DHS<\/p>\r\n<p>IF\u00a0 : 53574765<\/p>\r\n<p>Directeur de la publication : OG Communication SARL<\/p>\r\n<h4><strong>Responsable \u00c9ditorial :<\/strong><\/h4>\r\n<p class=\"wp-block-heading\">OG Communication SARL : Agence de communication externe<\/p>\r\n<h4><strong>H\u00e9bergeur du site :\u00a0<\/strong><\/h4>\r\n<p>Nom de l\u2019h\u00e9bergeur : Hostinger<\/p>\r\n<p>Hostinger International Ltd.<\/p>\r\n<p>61 Rue Lordou Vironos, 6023<\/p>\r\n<h4 class=\"wp-block-heading\"><strong>Propri\u00e9t\u00e9 Intellectuelle :\u00a0<\/strong><\/h4>\r\n<p>Ce site et son contenu sont la propri\u00e9t\u00e9 exclusive de Ride 2 Atlas et sont prot\u00e9g\u00e9s par les lois fran\u00e7aises et internationales sur la propri\u00e9t\u00e9 intellectuelle. Toute reproduction, repr\u00e9sentation, modification, publication, adaptation de tout ou partie des \u00e9l\u00e9ments du site, quel que soit le moyen ou le proc\u00e9d\u00e9 utilis\u00e9, est interdite sans autorisation pr\u00e9alable \u00e9crite de RIDE 2 ATLAS.\u00a0<\/p>\r\n<h4 class=\"wp-block-heading\"><strong>Collecte de donn\u00e9es personnelles :\u00a0<\/strong><\/h4>\r\n<p>Les donn\u00e9es personnelles collect\u00e9es sur ce site sont destin\u00e9es \u00e0 Ride 2 Atlas dans le but de vous envoyer un devis, une plaquette commerciale, un contrat de prestation \u00e0 votre demande.. Elles sont conserv\u00e9es pendant 24 mois. Conform\u00e9ment \u00e0 la loi \u00ab Informatique et Libert\u00e9s \u00bb du 6 janvier 1978 modifi\u00e9e et au R\u00e8glement G\u00e9n\u00e9ral sur la Protection des Donn\u00e9es (RGPD), vous disposez d\u2019un droit d\u2019acc\u00e8s, de rectification, de portabilit\u00e9, d\u2019effacement de vos donn\u00e9es personnelles ou une limitation du traitement. Vous pouvez exercer ces droits en contactant RIDE 2 ATLAS \u00e0 l\u2019adresse contact@rie2atlas.com<\/p>\r\n<h4 class=\"wp-block-heading\"><strong>Cookies :\u00a0<\/strong><\/h4>\r\n<p>Ce site utilise des cookies pour am\u00e9liorer l\u2019exp\u00e9rience utilisateur. En naviguant sur ce site, vous acceptez l\u2019utilisation de ces cookies. Vous pouvez toutefois configurer votre navigateur pour refuser l\u2019installation de ces cookies.\u00a0<\/p>\r\n<h4 class=\"wp-block-heading\"><strong>Liens Externes :\u00a0<\/strong><\/h4>\r\n<p>Ce site peut contenir des liens vers des sites tiers. RIDE 2 ATLAS n\u2019est pas responsable du contenu de ces sites externes ni des \u00e9ventuels dommages pouvant r\u00e9sulter de leur utilisation.<\/p>\r\n<h4 class=\"wp-block-heading\"><strong>Limitation de responsabilit\u00e9 :\u00a0<\/strong><\/h4>\r\n<p>RIDE 2 ATLAS ne peut \u00eatre tenue responsable des dommages directs ou indirects r\u00e9sultant de l\u2019utilisation de ce site ou de l\u2019impossibilit\u00e9 d\u2019y acc\u00e9der.<\/p>\r\n<h4 class=\"wp-block-heading\"><strong>Droit applicable :\u00a0<\/strong><\/h4>\r\n<p>Le pr\u00e9sent site est soumis au droit marocain. Tout litige relatif \u00e0 l\u2019utilisation de ce site sera de la comp\u00e9tence exclusive des tribunaux de Marrakech.\u00a0<\/p>","protected":false},"excerpt":{"rendered":"<p>\u00c9diteur du site : Raison Sociale : RIDE 2 ATLAS Statut juridique : SARL AU Adresse : A98 Lot 8 Zone Industrielle Tamansourt 4000, Marrakech Num\u00e9ro de t\u00e9l\u00e9phone: +212 663 163 754 Email: contact@ride2atlas ICE : 003194271000002 RCS : 132857 Capital social : 100.000 DHS IF\u00a0 : 53574765 Directeur de la publication : OG Communication [&hellip;]<\/p>","protected":false},"author":23,"featured_media":0,"parent":0,"menu_order":0,"comment_status":"closed","ping_status":"open","template":"","meta":{"inline_featured_image":false,"footnotes":""},"class_list":["post-4227","page","type-page","status-publish","hentry"],"_links":{"self":[{"href":"https:\/\/ride2atlas.com\/en\/wp-json\/wp\/v2\/pages\/4227","targetHints":{"allow":["GET"]}}],"collection":[{"href":"https:\/\/ride2atlas.com\/en\/wp-json\/wp\/v2\/pages"}],"about":[{"href":"https:\/\/ride2atlas.com\/en\/wp-json\/wp\/v2\/types\/page"}],"author":[{"embeddable":true,"href":"https:\/\/ride2atlas.com\/en\/wp-json\/wp\/v2\/users\/23"}],"replies":[{"embeddable":true,"href":"https:\/\/ride2atlas.com\/en\/wp-json\/wp\/v2\/comments?post=4227"}],"version-history":[{"count":2,"href":"https:\/\/ride2atlas.com\/en\/wp-json\/wp\/v2\/pages\/4227\/revisions"}],"predecessor-version":[{"id":5094,"href":"https:\/\/ride2atlas.com\/en\/wp-json\/wp\/v2\/pages\/4227\/revisions\/5094"}],"wp:attachment":[{"href":"https:\/\/ride2atlas.com\/en\/wp-json\/wp\/v2\/media?parent=4227"}],"curies":[{"name":"wp","href":"https:\/\/api.w.org\/{rel}","templated":true}]}}